{"id":999,"date":"2017-10-04T21:43:18","date_gmt":"2017-10-04T19:43:18","guid":{"rendered":"http:\/\/www.spvgg-freising.de\/?page_id=999"},"modified":"2025-02-27T18:31:35","modified_gmt":"2025-02-27T17:31:35","slug":"foerderverein-spvgg-freising","status":"publish","type":"page","link":"http:\/\/www.spvgg-freising.de\/?page_id=999","title":{"rendered":"F\u00f6rderverein SpVgg Freising"},"content":{"rendered":"<p><img fetchpriority=\"high\" decoding=\"async\" src=\"http:\/\/www.spvgg-freising.de\/wp-content\/uploads\/2025\/02\/0a34be26-0120-4f44-a5f4-65562ed21668-2-1.jpg\" class=\"size-full wp-image-3999\" width=\"480\" height=\"480\" srcset=\"http:\/\/www.spvgg-freising.de\/wp-content\/uploads\/2025\/02\/0a34be26-0120-4f44-a5f4-65562ed21668-2-1.jpg 480w, http:\/\/www.spvgg-freising.de\/wp-content\/uploads\/2025\/02\/0a34be26-0120-4f44-a5f4-65562ed21668-2-1-300x300.jpg 300w, http:\/\/www.spvgg-freising.de\/wp-content\/uploads\/2025\/02\/0a34be26-0120-4f44-a5f4-65562ed21668-2-1-150x150.jpg 150w\" sizes=\"(max-width: 480px) 100vw, 480px\" \/><\/p>\n<hr>\n<p>Liebe Freunde des Ringersports,<\/p>\n<p>herzlich willkommen auf der Homepage des F\u00f6rdervereins Freisinger Ringer e.V. 2008.<\/p>\n<p>Die SPVGG Freising steht f\u00fcr Leidenschaft, Zusammenhalt und sportlichen Erfolg. Doch all das w\u00e4re ohne unseren F\u00f6rderverein nicht m\u00f6glich! Er ist das Herzst\u00fcck des Vereinslebens und sorgt mit gro\u00dfem Engagement daf\u00fcr, dass unsere Teams \u2013 von der Jugend bis zu den Senioren \u2013 die bestm\u00f6gliche Unterst\u00fctzung erhalten.<\/p>\n<p>Durch gezielte F\u00f6rderung erm\u00f6glichen wir moderne Trainingsbedingungen, eine optimale Ausstattung und unvergessliche Erlebnisse f\u00fcr unsere Mitglieder. Ob talentierte Nachwuchsringer, treue Vereinslegenden oder unsere leidenschaftlichen Fans \u2013 der F\u00f6rderverein schafft die Basis f\u00fcr eine erfolgreiche Zukunft der SPVGG Freising.<\/p>\n<p>Werde auch du Teil dieses starken Netzwerks! Mit deiner Mitgliedschaft oder Spende hilfst du, den Verein weiterzuentwickeln und die Gemeinschaft zu st\u00e4rken. Gemeinsam machen wir die SPVGG Freising zu mehr als nur einem Ringerverein \u2013 wir machen sie zu einer echten Familie!<\/p>\n<p>Jetzt unterst\u00fctzen \u2013 f\u00fcr eine starke SPVGG Freising!<\/p>\n<p>Euer Vorstand<\/p>\n<p>Ronny Kessler<\/p>\n<p>Vorsitzender des F\u00f6rderverein Freisinger Ringer e.V. 2008<\/p>\n<p>&nbsp;<\/p>\n","protected":false},"excerpt":{"rendered":"<p>Liebe Freunde des Ringersports, herzlich willkommen auf der Homepage des F\u00f6rdervereins Freisinger Ringer e.V. 2008. Die SPVGG Freising steht f\u00fcr Leidenschaft, Zusammenhalt und sportlichen Erfolg. Doch all das w\u00e4re ohne [&hellip;]<\/p>\n","protected":false},"author":2,"featured_media":0,"parent":0,"menu_order":0,"comment_status":"closed","ping_status":"closed","template":"","meta":{"ngg_post_thumbnail":0,"_EventAllDay":false,"_EventTimezone":"","_EventStartDate":"","_EventEndDate":"","_EventStartDateUTC":"","_EventEndDateUTC":"","_EventShowMap":false,"_EventShowMapLink":false,"_EventURL":"","_EventCost":"","_EventCostDescription":"","_EventCurrencySymbol":"","_EventCurrencyCode":"","_EventCurrencyPosition":"","_EventDateTimeSeparator":"","_EventTimeRangeSeparator":"","_EventOrganizerID":[],"_EventVenueID":[],"_OrganizerEmail":"","_OrganizerPhone":"","_OrganizerWebsite":"","_VenueAddress":"","_VenueCity":"","_VenueCountry":"","_VenueProvince":"","_VenueState":"","_VenueZip":"","_VenuePhone":"","_VenueURL":"","_VenueStateProvince":"","_VenueLat":"","_VenueLng":"","_VenueShowMap":false,"_VenueShowMapLink":false,"footnotes":""},"class_list":["post-999","page","type-page","status-publish","hentry"],"jetpack_sharing_enabled":true,"featured_media_urls":[],"_links":{"self":[{"href":"http:\/\/www.spvgg-freising.de\/index.php?rest_route=\/wp\/v2\/pages\/999","targetHints":{"allow":["GET"]}}],"collection":[{"href":"http:\/\/www.spvgg-freising.de\/index.php?rest_route=\/wp\/v2\/pages"}],"about":[{"href":"http:\/\/www.spvgg-freising.de\/index.php?rest_route=\/wp\/v2\/types\/page"}],"author":[{"embeddable":true,"href":"http:\/\/www.spvgg-freising.de\/index.php?rest_route=\/wp\/v2\/users\/2"}],"replies":[{"embeddable":true,"href":"http:\/\/www.spvgg-freising.de\/index.php?rest_route=%2Fwp%2Fv2%2Fcomments&post=999"}],"version-history":[{"count":17,"href":"http:\/\/www.spvgg-freising.de\/index.php?rest_route=\/wp\/v2\/pages\/999\/revisions"}],"predecessor-version":[{"id":4001,"href":"http:\/\/www.spvgg-freising.de\/index.php?rest_route=\/wp\/v2\/pages\/999\/revisions\/4001"}],"wp:attachment":[{"href":"http:\/\/www.spvgg-freising.de\/index.php?rest_route=%2Fwp%2Fv2%2Fmedia&parent=999"}],"curies":[{"name":"wp","href":"https:\/\/api.w.org\/{rel}","templated":true}]}}