{"id":1185,"date":"2018-03-03T19:38:39","date_gmt":"2018-03-03T18:38:39","guid":{"rendered":"http:\/\/www.spvgg-freising.de\/?page_id=1185"},"modified":"2023-07-10T09:41:09","modified_gmt":"2023-07-10T07:41:09","slug":"jugend","status":"publish","type":"page","link":"https:\/\/www.spvgg-freising.de\/?page_id=1185","title":{"rendered":"Die Jugend &#8211; Fighting Cubs"},"content":{"rendered":"\n<p>Wir sind sehr stolz in der Saison 2023 wieder eine starke Sch\u00fclermannschaft pr\u00e4sentieren zu d\u00fcrfen.<\/p>\n<p><img fetchpriority=\"high\" decoding=\"async\" class=\"alignnone  wp-image-3658\" src=\"http:\/\/www.spvgg-freising.de\/wp-content\/uploads\/2023\/07\/die-jugend-mannschaftsfoto-300x212.png\" alt=\"\" width=\"777\" height=\"549\" srcset=\"https:\/\/www.spvgg-freising.de\/wp-content\/uploads\/2023\/07\/die-jugend-mannschaftsfoto-300x212.png 300w, https:\/\/www.spvgg-freising.de\/wp-content\/uploads\/2023\/07\/die-jugend-mannschaftsfoto-1024x724.png 1024w, https:\/\/www.spvgg-freising.de\/wp-content\/uploads\/2023\/07\/die-jugend-mannschaftsfoto-768x543.png 768w, https:\/\/www.spvgg-freising.de\/wp-content\/uploads\/2023\/07\/die-jugend-mannschaftsfoto-1536x1086.png 1536w, https:\/\/www.spvgg-freising.de\/wp-content\/uploads\/2023\/07\/die-jugend-mannschaftsfoto-600x424.png 600w, https:\/\/www.spvgg-freising.de\/wp-content\/uploads\/2023\/07\/die-jugend-mannschaftsfoto-1200x848.png 1200w, https:\/\/www.spvgg-freising.de\/wp-content\/uploads\/2023\/07\/die-jugend-mannschaftsfoto.png 2000w\" sizes=\"(max-width: 777px) 100vw, 777px\" \/><\/p>\n\n\n\n<p>Dabei erlernen und \u00fcben unsere Fighting Cubs flei\u00dfig im Training. Bestes R\u00fcstzeug erhalten sie dabei von unseren Jungendtrainern Michael Dirscherl und Damian Dudzinski. W\u00e4hrend das Einmal Eins des Ringens weitergegeben wird, kommen auch Koordination, Spass und Teamgeist nicht zu kurz. <\/p>\n<p>Ausserdem konnten unsere Nachwuchstalente auf einigen Turnieren nicht nur wertvolle Erfahrungen getreu des olympischen Mottos sammeln, sondern auch bereits super Platzierungen einheimsen.<\/p>\n<p>Auf eine starke Saison, liebe Fighting Cubs. Wir freuen uns auf eure Entwicklungen bis in die Mannschaft der Fighting Bears. Jeder der Jungs, hat auch mal klein angefangen.<\/p>\n\n\n\n<table style=\"border-collapse: collapse; width: 100%;\">\n<tbody>\n<tr>\n<td style=\"width: 50%;\"><img decoding=\"async\" class=\" wp-image-3660 aligncenter\" src=\"http:\/\/www.spvgg-freising.de\/wp-content\/uploads\/2023\/07\/coach-michael-2023-300x300.png\" alt=\"\" width=\"415\" height=\"415\" srcset=\"https:\/\/www.spvgg-freising.de\/wp-content\/uploads\/2023\/07\/coach-michael-2023-300x300.png 300w, https:\/\/www.spvgg-freising.de\/wp-content\/uploads\/2023\/07\/coach-michael-2023-1024x1024.png 1024w, https:\/\/www.spvgg-freising.de\/wp-content\/uploads\/2023\/07\/coach-michael-2023-150x150.png 150w, https:\/\/www.spvgg-freising.de\/wp-content\/uploads\/2023\/07\/coach-michael-2023-768x768.png 768w, https:\/\/www.spvgg-freising.de\/wp-content\/uploads\/2023\/07\/coach-michael-2023-600x600.png 600w, https:\/\/www.spvgg-freising.de\/wp-content\/uploads\/2023\/07\/coach-michael-2023-1200x1200.png 1200w, https:\/\/www.spvgg-freising.de\/wp-content\/uploads\/2023\/07\/coach-michael-2023-800x800.png 800w, https:\/\/www.spvgg-freising.de\/wp-content\/uploads\/2023\/07\/coach-michael-2023.png 1400w\" sizes=\"(max-width: 415px) 100vw, 415px\" \/><\/td>\n<td style=\"width: 50%;\"><img decoding=\"async\" class=\"aligncenter wp-image-3659\" src=\"http:\/\/www.spvgg-freising.de\/wp-content\/uploads\/2023\/07\/coach-damian-2023-300x300.png\" alt=\"\" width=\"415\" height=\"415\" srcset=\"https:\/\/www.spvgg-freising.de\/wp-content\/uploads\/2023\/07\/coach-damian-2023-300x300.png 300w, https:\/\/www.spvgg-freising.de\/wp-content\/uploads\/2023\/07\/coach-damian-2023-1024x1024.png 1024w, https:\/\/www.spvgg-freising.de\/wp-content\/uploads\/2023\/07\/coach-damian-2023-150x150.png 150w, https:\/\/www.spvgg-freising.de\/wp-content\/uploads\/2023\/07\/coach-damian-2023-768x768.png 768w, https:\/\/www.spvgg-freising.de\/wp-content\/uploads\/2023\/07\/coach-damian-2023-600x600.png 600w, https:\/\/www.spvgg-freising.de\/wp-content\/uploads\/2023\/07\/coach-damian-2023-1200x1200.png 1200w, https:\/\/www.spvgg-freising.de\/wp-content\/uploads\/2023\/07\/coach-damian-2023-800x800.png 800w, https:\/\/www.spvgg-freising.de\/wp-content\/uploads\/2023\/07\/coach-damian-2023.png 1400w\" sizes=\"(max-width: 415px) 100vw, 415px\" \/><\/td>\n<\/tr>\n<\/tbody>\n<\/table>\n","protected":false},"excerpt":{"rendered":"<p>Wir sind sehr stolz in der Saison 2023 wieder eine starke Sch\u00fclermannschaft pr\u00e4sentieren zu d\u00fcrfen. Dabei erlernen und \u00fcben unsere Fighting Cubs flei\u00dfig im Training. Bestes R\u00fcstzeug erhalten sie dabei [&hellip;]<\/p>\n","protected":false},"author":6,"featured_media":0,"parent":727,"menu_order":0,"comment_status":"closed","ping_status":"closed","template":"","meta":{"ngg_post_thumbnail":0,"_EventAllDay":false,"_EventTimezone":"","_EventStartDate":"","_EventEndDate":"","_EventStartDateUTC":"","_EventEndDateUTC":"","_EventShowMap":false,"_EventShowMapLink":false,"_EventURL":"","_EventCost":"","_EventCostDescription":"","_EventCurrencySymbol":"","_EventCurrencyCode":"","_EventCurrencyPosition":"","_EventDateTimeSeparator":"","_EventTimeRangeSeparator":"","_EventOrganizerID":[],"_EventVenueID":[],"_OrganizerEmail":"","_OrganizerPhone":"","_OrganizerWebsite":"","_VenueAddress":"","_VenueCity":"","_VenueCountry":"","_VenueProvince":"","_VenueState":"","_VenueZip":"","_VenuePhone":"","_VenueURL":"","_VenueStateProvince":"","_VenueLat":"","_VenueLng":"","_VenueShowMap":false,"_VenueShowMapLink":false,"footnotes":""},"class_list":["post-1185","page","type-page","status-publish","hentry"],"jetpack_sharing_enabled":true,"featured_media_urls":[],"_links":{"self":[{"href":"https:\/\/www.spvgg-freising.de\/index.php?rest_route=\/wp\/v2\/pages\/1185","targetHints":{"allow":["GET"]}}],"collection":[{"href":"https:\/\/www.spvgg-freising.de\/index.php?rest_route=\/wp\/v2\/pages"}],"about":[{"href":"https:\/\/www.spvgg-freising.de\/index.php?rest_route=\/wp\/v2\/types\/page"}],"author":[{"embeddable":true,"href":"https:\/\/www.spvgg-freising.de\/index.php?rest_route=\/wp\/v2\/users\/6"}],"replies":[{"embeddable":true,"href":"https:\/\/www.spvgg-freising.de\/index.php?rest_route=%2Fwp%2Fv2%2Fcomments&post=1185"}],"version-history":[{"count":22,"href":"https:\/\/www.spvgg-freising.de\/index.php?rest_route=\/wp\/v2\/pages\/1185\/revisions"}],"predecessor-version":[{"id":3661,"href":"https:\/\/www.spvgg-freising.de\/index.php?rest_route=\/wp\/v2\/pages\/1185\/revisions\/3661"}],"up":[{"embeddable":true,"href":"https:\/\/www.spvgg-freising.de\/index.php?rest_route=\/wp\/v2\/pages\/727"}],"wp:attachment":[{"href":"https:\/\/www.spvgg-freising.de\/index.php?rest_route=%2Fwp%2Fv2%2Fmedia&parent=1185"}],"curies":[{"name":"wp","href":"https:\/\/api.w.org\/{rel}","templated":true}]}}