{"id":1550,"date":"2018-08-04T08:25:35","date_gmt":"2018-08-04T06:25:35","guid":{"rendered":"http:\/\/www.spvgg-freising.de\/?page_id=1550"},"modified":"2026-01-29T19:52:49","modified_gmt":"2026-01-29T18:52:49","slug":"ringer-abc","status":"publish","type":"page","link":"https:\/\/www.spvgg-freising.de\/?page_id=1550","title":{"rendered":"Ringer-ABC"},"content":{"rendered":"\n<p><strong><span dir=\"ltr\" role=\"presentation\">A \u2013 Anfangen<\/span><\/strong> <span dir=\"ltr\" role=\"presentation\">ist leicht! Einfach ein paar Wochen im Training schnuppern, saubere Turnschuhe und <\/span><span dir=\"ltr\" role=\"presentation\">normale Freizeitkleidung (T-Shirt, kurze Hose oder Leggins) reichen aus. Im Training k\u00f6nnen sich die <\/span><span dir=\"ltr\" role=\"presentation\">Kinder auspowern und werden spielerisch an den friedlichen Kampfsport herangef\u00fchrt. Kraft, Ausdauer, <\/span><span dir=\"ltr\" role=\"presentation\">Koordination und Technik, aber auch faire Verhaltensregeln stehen beim Training im Mittelpunkt.<\/span><br role=\"presentation\"><strong><span dir=\"ltr\" role=\"presentation\">B \u2013 Beitritt: <\/span><\/strong><span dir=\"ltr\" role=\"presentation\">Beitrag f\u00fcr Sch\u00fcler 60<\/span> <span dir=\"ltr\" role=\"presentation\">\u20ac<\/span><span dir=\"ltr\" role=\"presentation\">\/Jahr, Vordruck in der j\u00e4hrlichen Ringerzeitung \u201eMattenecho\u201c, auf der Homepage oder <\/span><span dir=\"ltr\" role=\"presentation\">Aufnahmeschein vom Trainer.<\/span><br role=\"presentation\"><strong><span dir=\"ltr\" role=\"presentation\">C \u2013 Coole Aktionen<\/span><\/strong><span dir=\"ltr\" role=\"presentation\">: Sch\u00fclerausflug jeden Sommer; Mitmachen beim \u201eRamadama\u201c der Stadt Freising.<\/span><br role=\"presentation\"><strong><span dir=\"ltr\" role=\"presentation\">D \u2013 Disziplin<\/span> <\/strong><span dir=\"ltr\" role=\"presentation\">ist wichtig. Regelm\u00e4\u00dfig und p\u00fcnktlich zum Training kommen und aufmerksam beim Training <\/span><span dir=\"ltr\" role=\"presentation\">mitmachen (Empfehlung: Bambini 1-2 Mal, ab 8 Jahre 2-3 Mal\/Woche).<\/span><br role=\"presentation\"><strong><span dir=\"ltr\" role=\"presentation\">F \u2013 Familie<\/span><\/strong><span dir=\"ltr\" role=\"presentation\">: Die Familie ist immer herzlich willkommen: Beim Training, Wettk\u00e4mpfen, Turnieren und <\/span><span dir=\"ltr\" role=\"presentation\">Festen!<\/span><br role=\"presentation\"><strong><span dir=\"ltr\" role=\"presentation\">G \u2013 Gesunde Ern\u00e4hrung<\/span><\/strong> <span dir=\"ltr\" role=\"presentation\">unterst\u00fctzt die Fitness und hilft, das Gewicht zu kontrollieren: viel Obst, Gem\u00fcse, <\/span><span dir=\"ltr\" role=\"presentation\">Wasser, Joghurt (wenig Zucker, Limo, Saft und Fett).<\/span><br role=\"presentation\"><strong><span dir=\"ltr\" role=\"presentation\">H \u2013 Helfer<\/span><\/strong> <span dir=\"ltr\" role=\"presentation\">werden immer gebraucht! Matten aufbauen beim Training, Auf- und Abbau bei Wettk\u00e4mpfen, <\/span><span dir=\"ltr\" role=\"presentation\">Trikots waschen und Kuchen backen sowie Hilfe beim Kuchenverkauf u.v.m. Einfach die Trainer\/<\/span><span dir=\"ltr\" role=\"presentation\">andere Eltern ansprechen oder per Email in Kontakt treten.<\/span><br role=\"presentation\"><strong><span dir=\"ltr\" role=\"presentation\">J \u2013 Jugendtrainer<\/span><\/strong><span dir=\"ltr\" role=\"presentation\">: Richard Schub\u00f6ck, Michael Dirscherl, Oliver Straub, Charly Pescolderung, Yannic Schmid, Damian Dudzinski<\/span><span dir=\"ltr\" role=\"presentation\">.<\/span><br role=\"presentation\"><strong><span dir=\"ltr\" role=\"presentation\">K \u2013 Kameradschaft<\/span><\/strong><span dir=\"ltr\" role=\"presentation\">: Ringen ist zwar ein Einzelsport, dennoch ist das Miteinander, Respekt und Fairness <\/span><span dir=\"ltr\" role=\"presentation\">die Basis f\u00fcr die Freude am Training.<\/span><br role=\"presentation\"><strong><span dir=\"ltr\" role=\"presentation\">Kleidung<\/span><\/strong> <span dir=\"ltr\" role=\"presentation\">\u2013<\/span> <span dir=\"ltr\" role=\"presentation\">Ringerschuhe und Ringertrikots (rot bei Heimkampf\/blau f\u00fcr Ausw\u00e4rtskampf) kann jeder selbst <\/span><span dir=\"ltr\" aria-owns=\"pdfjs_internal_id_45R\">bestellen (<\/span><span dir=\"ltr\" role=\"presentation\">www.wrestler-sport.de<\/span> <span dir=\"ltr\" role=\"presentation\">oder die Ringer GmbH) oder bei Turnieren kaufen. Mannschaftkleidung <\/span><span dir=\"ltr\" role=\"presentation\">(Trainingsanz\u00fcge und Trikots) stellt der Verein direkt zum Mannschaftskampf oder Turnier.<\/span><br role=\"presentation\"><strong><span dir=\"ltr\" role=\"presentation\">M \u2013 Mattenecho:<\/span><\/strong> <span dir=\"ltr\" role=\"presentation\">Saisonheft unseres Vereins, erscheint j\u00e4hrlich zum Herbst<\/span><br role=\"presentation\"><strong><span dir=\"ltr\" role=\"presentation\">M \u2013 M\u00e4dchen<\/span><\/strong> <span dir=\"ltr\" role=\"presentation\">sind genauso gerne im Training\/Verein gesehen und willkommen!<\/span><br role=\"presentation\"><strong><span dir=\"ltr\" role=\"presentation\">R \u2013 Ringerpass<\/span>:<\/strong> W<span dir=\"ltr\" role=\"presentation\">ird vom Bayr. Ringerverband (BRV) ausgestellt!<\/span> <span dir=\"ltr\" role=\"presentation\">Mit Lichtbild, braucht man f\u00fcr die <\/span><span dir=\"ltr\" role=\"presentation\">Turniere und Wettk\u00e4mpfe, Aufbewahrung durch die Trainer.<\/span><br role=\"presentation\"><strong><span dir=\"ltr\" role=\"presentation\">S \u2013 Sch\u00fclermannschaft<\/span><\/strong><span dir=\"ltr\" role=\"presentation\"><strong>:<\/strong> 10 Ringer in 10 Gewichtsklassen (bis 29, 31, 34, 38, 42, 46, 50, 55, 60, 76 kg), <\/span><span dir=\"ltr\" role=\"presentation\">Teilnahme ab 6 Jahre bis 15<\/span><span dir=\"ltr\" role=\"presentation\"> Jahre.<\/span><\/p>\n<p><strong><span dir=\"ltr\" role=\"presentation\">T \u2013 Trainer M\u00e4nner\/Fighting Bears: <\/span><\/strong><span dir=\"ltr\" role=\"presentation\">Gottfried Egginger, Richard Schub\u00f6ck<\/span><\/p>\n<p><strong><span dir=\"ltr\" role=\"presentation\">T \u2013 Trainingszeiten in der Luitpoldanlage<\/span><span dir=\"ltr\" role=\"presentation\">:<\/span><\/strong>&nbsp; Auch in den Ferien, <span dir=\"ltr\" role=\"presentation\">au\u00dfer<\/span> <span dir=\"ltr\" role=\"presentation\">im August\/feiertags<\/span><br><span dir=\"ltr\" role=\"presentation\">Montag:<\/span> <span dir=\"ltr\" role=\"presentation\">18-19:30 Uhr <\/span><br><span dir=\"ltr\" role=\"presentation\">Mittwoch: 18-19:30 Uhr <\/span><br><span dir=\"ltr\" role=\"presentation\">Freitag:<\/span> <span dir=\"ltr\" role=\"presentation\">18-19:30 Uhr <br><\/span> <strong><span dir=\"ltr\" role=\"presentation\">T \u2013 Termine, Turniere<\/span><\/strong><span dir=\"ltr\" role=\"presentation\"><strong>:<\/strong> Die Mannschafts-Saison beginnt nach den Sommerferien und endet vor <\/span><span dir=\"ltr\" role=\"presentation\">Weihnachten. Nur wenn die Mannschaft \u201ekomplett\u201c ist, haben wir gute Erfolgschancen! Bitte kommt zu <\/span><span dir=\"ltr\" role=\"presentation\">den Wettk\u00e4mpfen, wenn Ihr f\u00fcr die Mannschaft aufgestellt seid. Turniere (Januar-Juni) werden in <\/span><span dir=\"ltr\" role=\"presentation\">Abstimmung mit den Trainern besucht. Hier ringt jedes Kind f\u00fcr sich selbst und es gibt eine <\/span><span dir=\"ltr\" role=\"presentation\">Mannschaftswertung. Bitte die Termine vormerken und mit den Trainern absprechen, da immer eine <\/span><span dir=\"ltr\" role=\"presentation\">Woche vorher Anmeldefrist ist. Termine und Ergebnisse findet ihr auch auf den Seiten des <a href=\"http:\/\/www.brv-ringen.de\/\">Bayerischen <\/a><\/span><span dir=\"ltr\" role=\"presentation\">Ringerverbands<\/span> <br role=\"presentation\"><strong><span dir=\"ltr\" role=\"presentation\">V &#8211; Vereinsfeste<\/span><\/strong><span dir=\"ltr\" role=\"presentation\"><strong>:<\/strong> Seid mit dabei! Grillfest im Sommer, Weihnachtsfeier, Schafkopfturnier (Einladung per <\/span><span dir=\"ltr\" role=\"presentation\">Mail und \u00fcber die Trainer).<\/span><br role=\"presentation\"><strong><span dir=\"ltr\" role=\"presentation\">W &#8211; Wichtige Kontakte<\/span><span dir=\"ltr\" role=\"presentation\">:<\/span><\/strong><br role=\"presentation\"><span dir=\"ltr\" role=\"presentation\">Jugendtrainer: Michael Dirscherl &amp; Cyriak-Michael Cieplik, <\/span><span dir=\"ltr\" role=\"presentation\">Jugendtrainer@spvgg-freising.de<\/span><br>Jugendleiter: Christopher Bodlak, <span dir=\"ltr\" role=\"presentation\">Jugendleiter@spvgg-freising.de<\/span><br role=\"presentation\"><span dir=\"ltr\" role=\"presentation\">Vorstand: Michaela Hain,<\/span> <span dir=\"ltr\" role=\"presentation\">vorstand@spvgg-freising.de<\/span> <br role=\"presentation\"><span dir=\"ltr\" role=\"presentation\">Kassierer: Christiane Pauli,<\/span> <span dir=\"ltr\" role=\"presentation\">kassier@spvgg-freising.de<\/span><br><span dir=\"ltr\" role=\"presentation\">Stand Januar 2026<\/span><\/p>\n","protected":false},"excerpt":{"rendered":"<p>A \u2013 Anfangen ist leicht! Einfach ein paar Wochen im Training schnuppern, saubere Turnschuhe und normale Freizeitkleidung (T-Shirt, kurze Hose oder Leggins) reichen aus. Im Training k\u00f6nnen sich die Kinder [&hellip;]<\/p>\n","protected":false},"author":6,"featured_media":0,"parent":788,"menu_order":1,"comment_status":"closed","ping_status":"closed","template":"","meta":{"ngg_post_thumbnail":0,"_EventAllDay":false,"_EventTimezone":"","_EventStartDate":"","_EventEndDate":"","_EventStartDateUTC":"","_EventEndDateUTC":"","_EventShowMap":false,"_EventShowMapLink":false,"_EventURL":"","_EventCost":"","_EventCostDescription":"","_EventCurrencySymbol":"","_EventCurrencyCode":"","_EventCurrencyPosition":"","_EventDateTimeSeparator":"","_EventTimeRangeSeparator":"","_EventOrganizerID":[],"_EventVenueID":[],"_OrganizerEmail":"","_OrganizerPhone":"","_OrganizerWebsite":"","_VenueAddress":"","_VenueCity":"","_VenueCountry":"","_VenueProvince":"","_VenueState":"","_VenueZip":"","_VenuePhone":"","_VenueURL":"","_VenueStateProvince":"","_VenueLat":"","_VenueLng":"","_VenueShowMap":false,"_VenueShowMapLink":false,"footnotes":""},"class_list":["post-1550","page","type-page","status-publish","hentry"],"jetpack_sharing_enabled":true,"featured_media_urls":[],"_links":{"self":[{"href":"https:\/\/www.spvgg-freising.de\/index.php?rest_route=\/wp\/v2\/pages\/1550","targetHints":{"allow":["GET"]}}],"collection":[{"href":"https:\/\/www.spvgg-freising.de\/index.php?rest_route=\/wp\/v2\/pages"}],"about":[{"href":"https:\/\/www.spvgg-freising.de\/index.php?rest_route=\/wp\/v2\/types\/page"}],"author":[{"embeddable":true,"href":"https:\/\/www.spvgg-freising.de\/index.php?rest_route=\/wp\/v2\/users\/6"}],"replies":[{"embeddable":true,"href":"https:\/\/www.spvgg-freising.de\/index.php?rest_route=%2Fwp%2Fv2%2Fcomments&post=1550"}],"version-history":[{"count":39,"href":"https:\/\/www.spvgg-freising.de\/index.php?rest_route=\/wp\/v2\/pages\/1550\/revisions"}],"predecessor-version":[{"id":4269,"href":"https:\/\/www.spvgg-freising.de\/index.php?rest_route=\/wp\/v2\/pages\/1550\/revisions\/4269"}],"up":[{"embeddable":true,"href":"https:\/\/www.spvgg-freising.de\/index.php?rest_route=\/wp\/v2\/pages\/788"}],"wp:attachment":[{"href":"https:\/\/www.spvgg-freising.de\/index.php?rest_route=%2Fwp%2Fv2%2Fmedia&parent=1550"}],"curies":[{"name":"wp","href":"https:\/\/api.w.org\/{rel}","templated":true}]}}