{"id":3885,"date":"2024-11-17T09:56:06","date_gmt":"2024-11-17T08:56:06","guid":{"rendered":"http:\/\/www.spvgg-freising.de\/?page_id=3885"},"modified":"2024-12-15T12:36:12","modified_gmt":"2024-12-15T11:36:12","slug":"saison-2024","status":"publish","type":"page","link":"https:\/\/www.spvgg-freising.de\/?page_id=3885","title":{"rendered":"Saison 2024"},"content":{"rendered":"\n<p>Herzlich willkommen zur Saison 2024, hier findest du alle n\u00fctzlichen Informationen \u00fcber die aktuellen Saison.<\/p>\n\n\n\n<figure class=\"wp-block-image size-large\"><img fetchpriority=\"high\" decoding=\"async\" width=\"1920\" height=\"1080\" src=\"http:\/\/www.spvgg-freising.de\/wp-content\/uploads\/2024\/11\/2024-spvgg-heimkampf-1.jpg\" alt=\"\" class=\"wp-image-3883\" srcset=\"https:\/\/www.spvgg-freising.de\/wp-content\/uploads\/2024\/11\/2024-spvgg-heimkampf-1.jpg 1920w, https:\/\/www.spvgg-freising.de\/wp-content\/uploads\/2024\/11\/2024-spvgg-heimkampf-1-300x169.jpg 300w, https:\/\/www.spvgg-freising.de\/wp-content\/uploads\/2024\/11\/2024-spvgg-heimkampf-1-1024x576.jpg 1024w\" sizes=\"(max-width: 1920px) 100vw, 1920px\" \/><\/figure>\n\n\n\n<p>Trainer: Friedl Egginger, Ritschy Schuhb\u00f6ck <\/p>\n\n\n\n<p>Details zu unseren Fighting Bears findet ihr unter &#8222;Die Mannschaft&#8220;.<\/p>\n\n\n\n<p>Dieses Jahr geht es f\u00fcr unsere Fighting Bears in der BAYERNLIGA an den Start. Aufgrund der neuen Ligeneinteilung m\u00fcssen weite Strecken, wie beispielsweise nach S\u00fcdth\u00fcringen, in Kauf genommen werden.<\/p>\n\n\n\n<p>Eine spannende Saison steht bevor, denn unsere 1. will um den Aufstieg mitringen.<\/p>\n\n\n\n<figure class=\"wp-block-image size-large\" id=\"https:\/\/www.brv-ringen.de\/index.php?option=com_rdb&amp;view=rdb&amp;Itemid=512&amp;tk=cs&amp;sid=2024&amp;yid=M&amp;menu=1&amp;op=lt&amp;lid=Bayernliga&amp;tid=SpVgg+Freising\"><img decoding=\"async\" width=\"300\" height=\"291\" src=\"http:\/\/www.spvgg-freising.de\/wp-content\/uploads\/2024\/12\/img_4098-1-300x291.jpg\" alt=\"\" class=\"wp-image-3934\" srcset=\"https:\/\/www.spvgg-freising.de\/wp-content\/uploads\/2024\/12\/img_4098-1-300x291.jpg 300w, https:\/\/www.spvgg-freising.de\/wp-content\/uploads\/2024\/12\/img_4098-1.jpg 1017w\" sizes=\"(max-width: 300px) 100vw, 300px\" \/><\/figure>\n\n\n\n<p>Hier gehts zur Tabelle: <a href=\"https:\/\/www.brv-ringen.de\/index.php?option=com_rdb&amp;view=rdb&amp;Itemid=512&amp;tk=cs&amp;sid=2024&amp;yid=M&amp;rid=&amp;menu=1&amp;op=ll&amp;lid=Bayernliga\">BRV Bayernliga<\/a><\/p>\n\n\n","protected":false},"excerpt":{"rendered":"<p>Herzlich willkommen zur Saison 2024, hier findest du alle n\u00fctzlichen Informationen \u00fcber die aktuellen Saison. Trainer: Friedl Egginger, Ritschy Schuhb\u00f6ck Details zu unseren Fighting Bears findet ihr unter &#8222;Die Mannschaft&#8220;. [&hellip;]<\/p>\n","protected":false},"author":6,"featured_media":0,"parent":0,"menu_order":0,"comment_status":"closed","ping_status":"closed","template":"","meta":{"ngg_post_thumbnail":0,"_EventAllDay":false,"_EventTimezone":"","_EventStartDate":"","_EventEndDate":"","_EventStartDateUTC":"","_EventEndDateUTC":"","_EventShowMap":false,"_EventShowMapLink":false,"_EventURL":"","_EventCost":"","_EventCostDescription":"","_EventCurrencySymbol":"","_EventCurrencyCode":"","_EventCurrencyPosition":"","_EventDateTimeSeparator":"","_EventTimeRangeSeparator":"","_EventOrganizerID":[],"_EventVenueID":[],"_OrganizerEmail":"","_OrganizerPhone":"","_OrganizerWebsite":"","_VenueAddress":"","_VenueCity":"","_VenueCountry":"","_VenueProvince":"","_VenueState":"","_VenueZip":"","_VenuePhone":"","_VenueURL":"","_VenueStateProvince":"","_VenueLat":"","_VenueLng":"","_VenueShowMap":false,"_VenueShowMapLink":false,"footnotes":""},"class_list":["post-3885","page","type-page","status-publish","hentry"],"jetpack_sharing_enabled":true,"featured_media_urls":[],"_links":{"self":[{"href":"https:\/\/www.spvgg-freising.de\/index.php?rest_route=\/wp\/v2\/pages\/3885","targetHints":{"allow":["GET"]}}],"collection":[{"href":"https:\/\/www.spvgg-freising.de\/index.php?rest_route=\/wp\/v2\/pages"}],"about":[{"href":"https:\/\/www.spvgg-freising.de\/index.php?rest_route=\/wp\/v2\/types\/page"}],"author":[{"embeddable":true,"href":"https:\/\/www.spvgg-freising.de\/index.php?rest_route=\/wp\/v2\/users\/6"}],"replies":[{"embeddable":true,"href":"https:\/\/www.spvgg-freising.de\/index.php?rest_route=%2Fwp%2Fv2%2Fcomments&post=3885"}],"version-history":[{"count":7,"href":"https:\/\/www.spvgg-freising.de\/index.php?rest_route=\/wp\/v2\/pages\/3885\/revisions"}],"predecessor-version":[{"id":3936,"href":"https:\/\/www.spvgg-freising.de\/index.php?rest_route=\/wp\/v2\/pages\/3885\/revisions\/3936"}],"wp:attachment":[{"href":"https:\/\/www.spvgg-freising.de\/index.php?rest_route=%2Fwp%2Fv2%2Fmedia&parent=3885"}],"curies":[{"name":"wp","href":"https:\/\/api.w.org\/{rel}","templated":true}]}}